{"id":760,"date":"2018-06-28T00:54:45","date_gmt":"2018-06-28T03:54:45","guid":{"rendered":"https:\/\/isfd90-bue.infd.edu.ar\/sitio\/resoluciones-de-carreras\/"},"modified":"2025-12-03T08:41:37","modified_gmt":"2025-12-03T11:41:37","slug":"resoluciones-de-carreras","status":"publish","type":"page","link":"https:\/\/isfd90-bue.infd.edu.ar\/sitio\/resoluciones-de-carreras\/","title":{"rendered":"Resoluciones Carreras Docentes"},"content":{"rendered":"<ul>\n<li>\n<h5><a href=\"https:\/\/isfd90-bue.infd.edu.ar\/sitio\/wp-content\/uploads\/2020\/10\/RESOL.4154-07.pdf\">Profesorado de Educaci\u00f3n Primaria<\/a><\/h5>\n<\/li>\n<li>\n<h5><a href=\"https:\/\/isfd90-bue.infd.edu.ar\/sitio\/wp-content\/uploads\/2020\/10\/RESOL.4154-07.pdf\">Profesorado de Educaci\u00f3n Inicial<\/a><\/h5>\n<\/li>\n<li>\n<h5><a href=\"https:\/\/isfd90-bue.infd.edu.ar\/sitio\/wp-content\/uploads\/2023\/02\/IF-2022-40270491-GDEBA-SSEDGCYE-Y-BIOLOGIA_compressed.pdf\"><strong>Profesorado de Educaci\u00f3n Secundaria en Biolog\u00eda<\/strong><\/a><\/h5>\n<\/li>\n<li>\n<h5><a href=\"https:\/\/isfd90-bue.infd.edu.ar\/sitio\/wp-content\/uploads\/2025\/12\/res2432-09fd_educ_fisica.pdf\"><strong>Profesorado de Educaci\u00f3n F\u00edsica<\/strong><\/a><\/h5>\n<\/li>\n<\/ul>\n<h5><\/h5>\n<h5><\/h5>\n<h5><\/h5>\n<h5><\/h5>\n<h4><\/h4>\n<p><span style=\"font-family: georgia, palatino;\">\u00a0<\/span><\/p>\n<p><span style=\"font-family: 'book antiqua', palatino; font-size: 12pt;\">\u00a0<\/span><\/p>\n<p><span style=\"font-family: 'book antiqua', palatino; font-size: 12pt;\">\u00a0<\/span><\/p>\n","protected":false},"excerpt":{"rendered":"<p>Profesorado de Educaci\u00f3n Primaria Profesorado de Educaci\u00f3n Inicial Profesorado de Educaci\u00f3n Secundaria en Biolog\u00eda Profesorado de Educaci\u00f3n F\u00edsica \u00a0 \u00a0 \u00a0<\/p>\n","protected":false},"author":91,"featured_media":0,"parent":0,"menu_order":0,"comment_status":"closed","ping_status":"closed","template":"","meta":[],"acf":[],"_links":{"self":[{"href":"https:\/\/isfd90-bue.infd.edu.ar\/sitio\/wp-json\/wp\/v2\/pages\/760"}],"collection":[{"href":"https:\/\/isfd90-bue.infd.edu.ar\/sitio\/wp-json\/wp\/v2\/pages"}],"about":[{"href":"https:\/\/isfd90-bue.infd.edu.ar\/sitio\/wp-json\/wp\/v2\/types\/page"}],"author":[{"embeddable":true,"href":"https:\/\/isfd90-bue.infd.edu.ar\/sitio\/wp-json\/wp\/v2\/users\/91"}],"replies":[{"embeddable":true,"href":"https:\/\/isfd90-bue.infd.edu.ar\/sitio\/wp-json\/wp\/v2\/comments?post=760"}],"version-history":[{"count":16,"href":"https:\/\/isfd90-bue.infd.edu.ar\/sitio\/wp-json\/wp\/v2\/pages\/760\/revisions"}],"predecessor-version":[{"id":1869,"href":"https:\/\/isfd90-bue.infd.edu.ar\/sitio\/wp-json\/wp\/v2\/pages\/760\/revisions\/1869"}],"wp:attachment":[{"href":"https:\/\/isfd90-bue.infd.edu.ar\/sitio\/wp-json\/wp\/v2\/media?parent=760"}],"curies":[{"name":"wp","href":"https:\/\/api.w.org\/{rel}","templated":true}]}}