{"id":1826,"date":"2025-02-12T14:16:33","date_gmt":"2025-02-12T17:16:33","guid":{"rendered":"https:\/\/isfd90-bue.infd.edu.ar\/sitio\/?page_id=1826"},"modified":"2025-02-13T08:59:43","modified_gmt":"2025-02-13T11:59:43","slug":"documentos-de-trabajo","status":"publish","type":"page","link":"https:\/\/isfd90-bue.infd.edu.ar\/sitio\/documentos-de-trabajo\/","title":{"rendered":"DOCUMENTOS DE TRABAJO"},"content":{"rendered":"\n<h4 class=\"wp-block-heading has-base-3-color has-text-color has-background\" style=\"background:linear-gradient(135deg,rgb(2,3,129) 0%,rgb(40,116,252) 30%)\">Resoluci\u00f3n 4196\/24 (R\u00e9gimen Acad\u00e9mico Marco)<\/h4>\n\n\n\n<div class=\"wp-block-group has-background is-layout-constrained\" style=\"background:linear-gradient(135deg,rgb(238,238,238) 100%,rgb(169,184,195) 100%)\"><div class=\"wp-block-group__inner-container\">\n<p><a href=\"https:\/\/isfd90-bue.infd.edu.ar\/sitio\/wp-content\/uploads\/2025\/02\/IF-2024-38567372-GDEBA-SDIFDIDGCYE.pdf\" data-type=\"URL\" data-id=\"https:\/\/isfd90-bue.infd.edu.ar\/sitio\/wp-content\/uploads\/2025\/02\/IF-2024-38567372-GDEBA-SDIFDIDGCYE.pdf\"><strong>ANEXO 1<\/strong><\/a><\/p>\n\n\n\n<p class=\"has-base-3-color has-text-color\"><a href=\"https:\/\/isfd90-bue.infd.edu.ar\/sitio\/wp-content\/uploads\/2025\/02\/IF-2024-37932840-GDEBA-DPESUPDGCYE.pdf\" data-type=\"URL\" data-id=\"https:\/\/isfd90-bue.infd.edu.ar\/sitio\/wp-content\/uploads\/2025\/02\/IF-2024-37932840-GDEBA-DPESUPDGCYE.pdf\"><strong>ANEXO 2<\/strong><\/a><\/p>\n\n\n\n<p class=\"has-base-3-color has-text-color\"><a href=\"https:\/\/isfd90-bue.infd.edu.ar\/sitio\/wp-content\/uploads\/2025\/02\/IF-2024-37932766-GDEBA-DPESUPDGCYE.pdf\" data-type=\"URL\" data-id=\"https:\/\/isfd90-bue.infd.edu.ar\/sitio\/wp-content\/uploads\/2025\/02\/IF-2024-37932766-GDEBA-DPESUPDGCYE.pdf\"><strong>ANEXO 3<\/strong><\/a><\/p>\n\n\n\n<p class=\"has-base-3-color has-text-color\"><a href=\"https:\/\/isfd90-bue.infd.edu.ar\/sitio\/wp-content\/uploads\/2025\/02\/El-Primer-ano-como-filiacion-institucional-y-academica.pdf\" data-type=\"URL\" data-id=\"https:\/\/isfd90-bue.infd.edu.ar\/sitio\/wp-content\/uploads\/2025\/02\/El-Primer-ano-como-filiacion-institucional-y-academica.pdf\"><strong>El Primer a\u00f1o como filiaci\u00f3n Institucional y Acad\u00e9mica<\/strong><\/a><\/p>\n\n\n\n<p class=\"has-base-3-color has-text-color\"><a href=\"https:\/\/isfd90-bue.infd.edu.ar\/sitio\/wp-content\/uploads\/2025\/02\/La-perspectiva-socio-tecnica-en-la-formacion-superior-continuemos-estudiando.pdf\" data-type=\"URL\" data-id=\"https:\/\/isfd90-bue.infd.edu.ar\/sitio\/wp-content\/uploads\/2025\/02\/La-perspectiva-socio-tecnica-en-la-formacion-superior-continuemos-estudiando.pdf\"><strong>La Perspectiva Socio-t\u00e9cnica en la formaci\u00f3n Superior<\/strong><\/a><\/p>\n<\/div><\/div>\n","protected":false},"excerpt":{"rendered":"<p>Resoluci\u00f3n 4196\/24 (R\u00e9gimen Acad\u00e9mico Marco) ANEXO 1 ANEXO 2 ANEXO 3 El Primer a\u00f1o como filiaci\u00f3n Institucional y Acad\u00e9mica La Perspectiva Socio-t\u00e9cnica en la formaci\u00f3n Superior<\/p>\n","protected":false},"author":80,"featured_media":0,"parent":0,"menu_order":0,"comment_status":"closed","ping_status":"closed","template":"","meta":[],"acf":[],"_links":{"self":[{"href":"https:\/\/isfd90-bue.infd.edu.ar\/sitio\/wp-json\/wp\/v2\/pages\/1826"}],"collection":[{"href":"https:\/\/isfd90-bue.infd.edu.ar\/sitio\/wp-json\/wp\/v2\/pages"}],"about":[{"href":"https:\/\/isfd90-bue.infd.edu.ar\/sitio\/wp-json\/wp\/v2\/types\/page"}],"author":[{"embeddable":true,"href":"https:\/\/isfd90-bue.infd.edu.ar\/sitio\/wp-json\/wp\/v2\/users\/80"}],"replies":[{"embeddable":true,"href":"https:\/\/isfd90-bue.infd.edu.ar\/sitio\/wp-json\/wp\/v2\/comments?post=1826"}],"version-history":[{"count":6,"href":"https:\/\/isfd90-bue.infd.edu.ar\/sitio\/wp-json\/wp\/v2\/pages\/1826\/revisions"}],"predecessor-version":[{"id":1839,"href":"https:\/\/isfd90-bue.infd.edu.ar\/sitio\/wp-json\/wp\/v2\/pages\/1826\/revisions\/1839"}],"wp:attachment":[{"href":"https:\/\/isfd90-bue.infd.edu.ar\/sitio\/wp-json\/wp\/v2\/media?parent=1826"}],"curies":[{"name":"wp","href":"https:\/\/api.w.org\/{rel}","templated":true}]}}